{"id":3,"date":"2021-05-29T10:47:05","date_gmt":"2021-05-29T08:47:05","guid":{"rendered":"https:\/\/baslux.pl\/basluxn\/?page_id=3"},"modified":"2022-03-04T15:22:07","modified_gmt":"2022-03-04T14:22:07","slug":"polityka-prywatnosci","status":"publish","type":"page","link":"https:\/\/basenypoliestrowe.pl\/de\/polityka-prywatnosci","title":{"rendered":"Polityka prywatno\u015bci"},"content":{"rendered":"<div class=\"fusion-fullwidth fullwidth-box fusion-builder-row-1 fusion-flex-container nonhundred-percent-fullwidth non-hundred-percent-height-scrolling\" style=\"--awb-border-radius-top-left:0px;--awb-border-radius-top-right:0px;--awb-border-radius-bottom-right:0px;--awb-border-radius-bottom-left:0px;--awb-flex-wrap:wrap;\" ><div class=\"fusion-builder-row fusion-row fusion-flex-align-items-flex-start fusion-flex-content-wrap\" style=\"max-width:1185.6px;margin-left: calc(-4% \/ 2 );margin-right: calc(-4% \/ 2 );\"><div class=\"fusion-layout-column fusion_builder_column fusion-builder-column-0 fusion_builder_column_1_1 1_1 fusion-flex-column\" style=\"--awb-bg-size:cover;--awb-width-large:100%;--awb-margin-top-large:0px;--awb-spacing-right-large:1.92%;--awb-margin-bottom-large:0px;--awb-spacing-left-large:1.92%;--awb-width-medium:100%;--awb-spacing-right-medium:1.92%;--awb-spacing-left-medium:1.92%;--awb-width-small:100%;--awb-spacing-right-small:1.92%;--awb-spacing-left-small:1.92%;\"><div class=\"fusion-column-wrapper fusion-flex-justify-content-flex-start fusion-content-layout-column\"><div class=\"fusion-text fusion-text-1\" style=\"--awb-text-transform:none;\"><p class=\"articlemeta\">Die Website sammelt keine Informationen automatisch, mit Ausnahme von Informationen, die in Cookie-Dateien enthalten sind.<\/p>\n<p>Cookies (sog. \u201eCookies\u201c) sind IT-Daten, insbesondere Textdateien, die auf dem Endger\u00e4t des Website-Nutzers gespeichert werden und zur Nutzung der Websites der Website bestimmt sind. Cookies enthalten in der Regel den Namen der Website, von der sie stammen, ihre Speicherzeit auf dem Endger\u00e4t und eine eindeutige Nummer.<\/p>\n<p>3. Die Instanz, die Cookie-Dateien auf dem Endger\u00e4t des Website-Benutzers ablegt und auf diese zugreift, ist der Betreiber der EkoDeal-Website<\/p>\n<h3>Cookies werden verwendet, um:<\/h3>\n<p>a) Anpassung des Inhalts der Webseiten an die Vorlieben des Nutzers und Optimierung der Nutzung von Webseiten; Diese Dateien erm\u00f6glichen es insbesondere, das Ger\u00e4t des Website-Benutzers zu erkennen und die auf seine individuellen Bed\u00fcrfnisse zugeschnittene Website ordnungsgem\u00e4\u00df anzuzeigen.<\/p>\n<p>b) Statistiken erstellen, die Aufschluss dar\u00fcber geben, wie Website-Benutzer Websites verwenden, um deren Struktur und Inhalt zu verbessern;<\/p>\n<p>c) Aufrechterhaltung der Sitzung des Website-Benutzers (nach dem Anmelden), dank derer der Benutzer sein Login und Passwort nicht auf jeder Unterseite der Website erneut eingeben muss;<\/p>\n<div>Die Website verwendet zwei grundlegende Arten von Cookies: \u201eSitzungscookies\u201c und \u201edauerhafte Cookies\u201c. Sitzungscookies sind tempor\u00e4re Dateien, die bis zum Abmelden, Verlassen der Website oder Ausschalten der Software (Webbrowser) auf dem Endger\u00e4t des Benutzers gespeichert werden. Permanente Cookies werden auf dem Ger\u00e4t des Benutzers f\u00fcr die in den Cookie-Datei-Parametern angegebene Zeit oder bis zum L\u00f6schen durch den Benutzer gespeichert.<\/div>\n<h3>Die Website verwendet die folgenden Arten von Cookies:<\/h3>\n<p>a) \u201enotwendige\u201c Cookies, die die Nutzung der auf der Website verf\u00fcgbaren Dienste erm\u00f6glichen, beispielsweise Authentifizierungscookies, die f\u00fcr Dienste verwendet werden, die eine Authentifizierung auf der Website erfordern;<br \/>\nb) Cookies zur Gew\u00e4hrleistung der Sicherheit, beispielsweise zur Aufdeckung von Betrug im Bereich der Authentifizierung auf der Website;<br \/>\nc) \u201ePerformance\u201c -Cookies, die das Sammeln von Informationen \u00fcber die Nutzung von Webseiten erm\u00f6glichen;<br \/>\nd) \u201efunktionale\u201c Cookies, mit denen die vom Benutzer ausgew\u00e4hlten Einstellungen \u201egespeichert\u201c und die Benutzeroberfl\u00e4che personalisiert werden k\u00f6nnen, z.<br \/>\ne) \u201eWerbe\u201c -Cookies, mit denen Benutzer Werbeinhalte bereitstellen k\u00f6nnen, die besser auf ihre Interessen zugeschnitten sind.<\/p>\n<p>In vielen F\u00e4llen k\u00f6nnen Cookies standardm\u00e4\u00dfig auf dem Ger\u00e4t des Benutzers gespeichert werden, wenn Software zum Browsen auf Websites verwendet wird (Webbrowser). Website-Benutzer k\u00f6nnen ihre Cookie-Einstellungen jederzeit \u00e4ndern. Diese Einstellungen k\u00f6nnen insbesondere so ge\u00e4ndert werden, dass die automatische Behandlung von Cookies in den Einstellungen des Webbrowsers gesperrt oder \u00fcber jeden Eintrag des Website-Nutzers auf dem Ger\u00e4t informiert wird. Detaillierte Informationen zu den M\u00f6glichkeiten und M\u00f6glichkeiten des Umgangs mit Cookies finden Sie in den Einstellungen der Software (Webbrowser).<\/p>\n<p>Der Website-Betreiber weist darauf hin, dass Einschr\u00e4nkungen bei der Verwendung von Cookies einige der auf der Website verf\u00fcgbaren Funktionen beeintr\u00e4chtigen k\u00f6nnen.<br \/>\nAuf dem Endger\u00e4t des Website-Benutzers platzierte Cookies k\u00f6nnen auch von Werbetreibenden und Partnern verwendet werden, die mit dem Website-Betreiber zusammenarbeiten.<\/p>\n<p>Die Website informiert, dass die Einschr\u00e4nkung der Verwendung von Cookies negativ auf Website-Funktionalit\u00e4t wirken kann<\/p>\n<p>Cookies, die auf dem Endger\u00e4t des Website-Benutzers platziert werden, k\u00f6nnen auch von Werbetreibenden und Partnern verwendet werden, die mit dem Website-Betreiber zusammenarbeiten.<\/p>\n<p>Weitere Informationen zu Cookies finden Sie im Abschnitt \u201eHilfe\u201c im Men\u00fc des Browsers<\/p>\n<\/div><\/div><\/div><\/div><\/div>\n","protected":false},"excerpt":{"rendered":"","protected":false},"author":1,"featured_media":0,"parent":0,"menu_order":0,"comment_status":"closed","ping_status":"open","template":"","meta":{"footnotes":""},"class_list":["post-3","page","type-page","status-publish","hentry"],"yoast_head":"<!-- This site is optimized with the Yoast SEO plugin v26.6 - https:\/\/yoast.com\/wordpress\/plugins\/seo\/ -->\n<title>Polityka prywatno\u015bci<\/title>\n<meta name=\"robots\" content=\"index, follow, max-snippet:-1, max-image-preview:large, max-video-preview:-1\" \/>\n<link rel=\"canonical\" href=\"https:\/\/basenypoliestrowe.pl\/de\/polityka-prywatnosci\" \/>\n<meta property=\"og:locale\" content=\"de_DE\" \/>\n<meta property=\"og:locale:alternate\" content=\"pl_PL\" \/>\n<meta property=\"og:locale:alternate\" content=\"en_US\" \/>\n<meta property=\"og:type\" content=\"article\" \/>\n<meta property=\"og:title\" content=\"Polityka prywatno\u015bci\" \/>\n<meta property=\"og:url\" content=\"https:\/\/basenypoliestrowe.pl\/de\/polityka-prywatnosci\" \/>\n<meta property=\"article:publisher\" content=\"https:\/\/www.facebook.com\/basenybaslux\" \/>\n<meta property=\"article:modified_time\" content=\"2022-03-04T14:22:07+00:00\" \/>\n<meta name=\"twitter:card\" content=\"summary_large_image\" \/>\n<meta name=\"twitter:label1\" content=\"Gesch\u00e4tzte Lesezeit\" \/>\n\t<meta name=\"twitter:data1\" content=\"3\u00a0Minuten\" \/>\n<script type=\"application\/ld+json\" class=\"yoast-schema-graph\">{\"@context\":\"https:\/\/schema.org\",\"@graph\":[{\"@type\":\"WebPage\",\"@id\":\"https:\/\/basenypoliestrowe.pl\/polityka-prywatnosci\",\"url\":\"https:\/\/basenypoliestrowe.pl\/polityka-prywatnosci\",\"name\":\"Polityka prywatno\u015bci\",\"isPartOf\":{\"@id\":\"https:\/\/basenypoliestrowe.pl\/#website\"},\"datePublished\":\"2021-05-29T08:47:05+00:00\",\"dateModified\":\"2022-03-04T14:22:07+00:00\",\"inLanguage\":\"de-DE\",\"potentialAction\":[{\"@type\":\"ReadAction\",\"target\":[\"https:\/\/basenypoliestrowe.pl\/polityka-prywatnosci\"]}]},{\"@type\":\"WebSite\",\"@id\":\"https:\/\/basenypoliestrowe.pl\/#website\",\"url\":\"https:\/\/basenypoliestrowe.pl\/\",\"name\":\"\",\"description\":\"\",\"publisher\":{\"@id\":\"https:\/\/basenypoliestrowe.pl\/#organization\"},\"potentialAction\":[{\"@type\":\"SearchAction\",\"target\":{\"@type\":\"EntryPoint\",\"urlTemplate\":\"https:\/\/basenypoliestrowe.pl\/?s={search_term_string}\"},\"query-input\":{\"@type\":\"PropertyValueSpecification\",\"valueRequired\":true,\"valueName\":\"search_term_string\"}}],\"inLanguage\":\"de-DE\"},{\"@type\":\"Organization\",\"@id\":\"https:\/\/basenypoliestrowe.pl\/#organization\",\"name\":\"Baslux\",\"url\":\"https:\/\/basenypoliestrowe.pl\/\",\"logo\":{\"@type\":\"ImageObject\",\"inLanguage\":\"de-DE\",\"@id\":\"https:\/\/basenypoliestrowe.pl\/#\/schema\/logo\/image\/\",\"url\":\"https:\/\/baslux.pl\/wp-content\/uploads\/2021\/05\/logo_baslux.png\",\"contentUrl\":\"https:\/\/baslux.pl\/wp-content\/uploads\/2021\/05\/logo_baslux.png\",\"width\":318,\"height\":42,\"caption\":\"Baslux\"},\"image\":{\"@id\":\"https:\/\/basenypoliestrowe.pl\/#\/schema\/logo\/image\/\"},\"sameAs\":[\"https:\/\/www.facebook.com\/basenybaslux\",\"https:\/\/www.youtube.com\/channel\/UC9HZsB-mzFrRgXpc4k0g-Hg\"]}]}<\/script>\n<!-- \/ Yoast SEO plugin. -->","yoast_head_json":{"title":"Polityka prywatno\u015bci","robots":{"index":"index","follow":"follow","max-snippet":"max-snippet:-1","max-image-preview":"max-image-preview:large","max-video-preview":"max-video-preview:-1"},"canonical":"https:\/\/basenypoliestrowe.pl\/de\/polityka-prywatnosci","og_locale":"de_DE","og_type":"article","og_title":"[:pl]Polityka prywatno\u015bci[:de]Polityka prywatno\u015bci[:] -","og_url":"https:\/\/basenypoliestrowe.pl\/de\/polityka-prywatnosci","article_publisher":"https:\/\/www.facebook.com\/basenybaslux","article_modified_time":"2022-03-04T14:22:07+00:00","twitter_card":"summary_large_image","twitter_misc":{"Gesch\u00e4tzte Lesezeit":"3\u00a0Minuten"},"schema":{"@context":"https:\/\/schema.org","@graph":[{"@type":"WebPage","@id":"https:\/\/basenypoliestrowe.pl\/polityka-prywatnosci","url":"https:\/\/basenypoliestrowe.pl\/polityka-prywatnosci","name":"Polityka prywatno\u015bci","isPartOf":{"@id":"https:\/\/basenypoliestrowe.pl\/#website"},"datePublished":"2021-05-29T08:47:05+00:00","dateModified":"2022-03-04T14:22:07+00:00","inLanguage":"de-DE","potentialAction":[{"@type":"ReadAction","target":["https:\/\/basenypoliestrowe.pl\/polityka-prywatnosci"]}]},{"@type":"WebSite","@id":"https:\/\/basenypoliestrowe.pl\/#website","url":"https:\/\/basenypoliestrowe.pl\/","name":"","description":"","publisher":{"@id":"https:\/\/basenypoliestrowe.pl\/#organization"},"potentialAction":[{"@type":"SearchAction","target":{"@type":"EntryPoint","urlTemplate":"https:\/\/basenypoliestrowe.pl\/?s={search_term_string}"},"query-input":{"@type":"PropertyValueSpecification","valueRequired":true,"valueName":"search_term_string"}}],"inLanguage":"de-DE"},{"@type":"Organization","@id":"https:\/\/basenypoliestrowe.pl\/#organization","name":"Baslux","url":"https:\/\/basenypoliestrowe.pl\/","logo":{"@type":"ImageObject","inLanguage":"de-DE","@id":"https:\/\/basenypoliestrowe.pl\/#\/schema\/logo\/image\/","url":"https:\/\/baslux.pl\/wp-content\/uploads\/2021\/05\/logo_baslux.png","contentUrl":"https:\/\/baslux.pl\/wp-content\/uploads\/2021\/05\/logo_baslux.png","width":318,"height":42,"caption":"Baslux"},"image":{"@id":"https:\/\/basenypoliestrowe.pl\/#\/schema\/logo\/image\/"},"sameAs":["https:\/\/www.facebook.com\/basenybaslux","https:\/\/www.youtube.com\/channel\/UC9HZsB-mzFrRgXpc4k0g-Hg"]}]}},"_links":{"self":[{"href":"https:\/\/basenypoliestrowe.pl\/de\/wp-json\/wp\/v2\/pages\/3","targetHints":{"allow":["GET"]}}],"collection":[{"href":"https:\/\/basenypoliestrowe.pl\/de\/wp-json\/wp\/v2\/pages"}],"about":[{"href":"https:\/\/basenypoliestrowe.pl\/de\/wp-json\/wp\/v2\/types\/page"}],"author":[{"embeddable":true,"href":"https:\/\/basenypoliestrowe.pl\/de\/wp-json\/wp\/v2\/users\/1"}],"replies":[{"embeddable":true,"href":"https:\/\/basenypoliestrowe.pl\/de\/wp-json\/wp\/v2\/comments?post=3"}],"version-history":[{"count":0,"href":"https:\/\/basenypoliestrowe.pl\/de\/wp-json\/wp\/v2\/pages\/3\/revisions"}],"wp:attachment":[{"href":"https:\/\/basenypoliestrowe.pl\/de\/wp-json\/wp\/v2\/media?parent=3"}],"curies":[{"name":"wp","href":"https:\/\/api.w.org\/{rel}","templated":true}]}}