{"id":1253,"date":"2021-06-05T21:40:37","date_gmt":"2021-06-05T19:40:37","guid":{"rendered":"https:\/\/baslux.pl\/basluxn\/?page_id=1253"},"modified":"2023-11-29T15:45:56","modified_gmt":"2023-11-29T14:45:56","slug":"przykrycie-basenu","status":"publish","type":"page","link":"https:\/\/basenypoliestrowe.pl\/en\/akcesoria\/przykrycie-basenu","title":{"rendered":""},"content":{"rendered":"","protected":false},"excerpt":{"rendered":"","protected":false},"author":2,"featured_media":0,"parent":1029,"menu_order":0,"comment_status":"closed","ping_status":"closed","template":"100-width.php","meta":{"footnotes":""},"class_list":["post-1253","page","type-page","status-publish","hentry"],"yoast_head":"<!-- This site is optimized with the Yoast SEO plugin v26.6 - https:\/\/yoast.com\/wordpress\/plugins\/seo\/ -->\n<title>Przykrycie basenu - akcesoria basenowe -<\/title>\n<meta name=\"description\" content=\"Przykrycie basenu pozwoli zabezpieczy\u0107 basen podczas z\u0142ej pogody. Zakrycie foli\u0105 basenu pomo\u017ce utrzyma\u0107 go w czysto\u015bci pod Twoj\u0105 nieobecno\u015b\u0107. Poznaj nasz\u0105 ofert\u0119!\" \/>\n<meta name=\"robots\" content=\"index, follow, max-snippet:-1, max-image-preview:large, max-video-preview:-1\" \/>\n<link rel=\"canonical\" href=\"https:\/\/basenypoliestrowe.pl\/en\/akcesoria\/przykrycie-basenu\" \/>\n<meta property=\"og:locale\" content=\"en_US\" \/>\n<meta property=\"og:locale:alternate\" content=\"pl_PL\" \/>\n<meta property=\"og:locale:alternate\" content=\"de_DE\" \/>\n<meta property=\"og:type\" content=\"article\" \/>\n<meta property=\"og:title\" content=\"Przykrycie basenu - akcesoria basenowe -\" \/>\n<meta property=\"og:description\" content=\"Przykrycie basenu pozwoli zabezpieczy\u0107 basen podczas z\u0142ej pogody. Zakrycie foli\u0105 basenu pomo\u017ce utrzyma\u0107 go w czysto\u015bci pod Twoj\u0105 nieobecno\u015b\u0107. Poznaj nasz\u0105 ofert\u0119!\" \/>\n<meta property=\"og:url\" content=\"https:\/\/basenypoliestrowe.pl\/en\/akcesoria\/przykrycie-basenu\" \/>\n<meta property=\"article:publisher\" content=\"https:\/\/www.facebook.com\/basenybaslux\" \/>\n<meta property=\"article:modified_time\" content=\"2023-11-29T14:45:56+00:00\" \/>\n<meta name=\"twitter:card\" content=\"summary_large_image\" \/>\n<meta name=\"twitter:label1\" content=\"Est. reading time\" \/>\n\t<meta name=\"twitter:data1\" content=\"5 minutes\" \/>\n<script type=\"application\/ld+json\" class=\"yoast-schema-graph\">{\"@context\":\"https:\/\/schema.org\",\"@graph\":[{\"@type\":\"WebPage\",\"@id\":\"https:\/\/basenypoliestrowe.pl\/akcesoria\/przykrycie-basenu\",\"url\":\"https:\/\/basenypoliestrowe.pl\/akcesoria\/przykrycie-basenu\",\"name\":\"Przykrycie basenu - akcesoria basenowe -\",\"isPartOf\":{\"@id\":\"https:\/\/basenypoliestrowe.pl\/#website\"},\"datePublished\":\"2021-06-05T19:40:37+00:00\",\"dateModified\":\"2023-11-29T14:45:56+00:00\",\"description\":\"Przykrycie basenu pozwoli zabezpieczy\u0107 basen podczas z\u0142ej pogody. Zakrycie foli\u0105 basenu pomo\u017ce utrzyma\u0107 go w czysto\u015bci pod Twoj\u0105 nieobecno\u015b\u0107. Poznaj nasz\u0105 ofert\u0119!\",\"breadcrumb\":{\"@id\":\"https:\/\/basenypoliestrowe.pl\/akcesoria\/przykrycie-basenu#breadcrumb\"},\"inLanguage\":\"en-US\",\"potentialAction\":[{\"@type\":\"ReadAction\",\"target\":[\"https:\/\/basenypoliestrowe.pl\/akcesoria\/przykrycie-basenu\"]}]},{\"@type\":\"BreadcrumbList\",\"@id\":\"https:\/\/basenypoliestrowe.pl\/akcesoria\/przykrycie-basenu#breadcrumb\",\"itemListElement\":[{\"@type\":\"ListItem\",\"position\":1,\"name\":\"Akcesoria\",\"item\":\"https:\/\/basenypoliestrowe.pl\/akcesoria\"},{\"@type\":\"ListItem\",\"position\":2,\"name\":\"Przykrycie basenu\"}]},{\"@type\":\"WebSite\",\"@id\":\"https:\/\/basenypoliestrowe.pl\/#website\",\"url\":\"https:\/\/basenypoliestrowe.pl\/\",\"name\":\"\",\"description\":\"\",\"publisher\":{\"@id\":\"https:\/\/basenypoliestrowe.pl\/#organization\"},\"potentialAction\":[{\"@type\":\"SearchAction\",\"target\":{\"@type\":\"EntryPoint\",\"urlTemplate\":\"https:\/\/basenypoliestrowe.pl\/?s={search_term_string}\"},\"query-input\":{\"@type\":\"PropertyValueSpecification\",\"valueRequired\":true,\"valueName\":\"search_term_string\"}}],\"inLanguage\":\"en-US\"},{\"@type\":\"Organization\",\"@id\":\"https:\/\/basenypoliestrowe.pl\/#organization\",\"name\":\"Baslux\",\"url\":\"https:\/\/basenypoliestrowe.pl\/\",\"logo\":{\"@type\":\"ImageObject\",\"inLanguage\":\"en-US\",\"@id\":\"https:\/\/basenypoliestrowe.pl\/#\/schema\/logo\/image\/\",\"url\":\"https:\/\/baslux.pl\/wp-content\/uploads\/2021\/05\/logo_baslux.png\",\"contentUrl\":\"https:\/\/baslux.pl\/wp-content\/uploads\/2021\/05\/logo_baslux.png\",\"width\":318,\"height\":42,\"caption\":\"Baslux\"},\"image\":{\"@id\":\"https:\/\/basenypoliestrowe.pl\/#\/schema\/logo\/image\/\"},\"sameAs\":[\"https:\/\/www.facebook.com\/basenybaslux\",\"https:\/\/www.youtube.com\/channel\/UC9HZsB-mzFrRgXpc4k0g-Hg\"]}]}<\/script>\n<!-- \/ Yoast SEO plugin. -->","yoast_head_json":{"title":"Przykrycie basenu - akcesoria basenowe -","description":"Przykrycie basenu pozwoli zabezpieczy\u0107 basen podczas z\u0142ej pogody. Zakrycie foli\u0105 basenu pomo\u017ce utrzyma\u0107 go w czysto\u015bci pod Twoj\u0105 nieobecno\u015b\u0107. Poznaj nasz\u0105 ofert\u0119!","robots":{"index":"index","follow":"follow","max-snippet":"max-snippet:-1","max-image-preview":"max-image-preview:large","max-video-preview":"max-video-preview:-1"},"canonical":"https:\/\/basenypoliestrowe.pl\/en\/akcesoria\/przykrycie-basenu","og_locale":"en_US","og_type":"article","og_title":"Przykrycie basenu - akcesoria basenowe -","og_description":"Przykrycie basenu pozwoli zabezpieczy\u0107 basen podczas z\u0142ej pogody. Zakrycie foli\u0105 basenu pomo\u017ce utrzyma\u0107 go w czysto\u015bci pod Twoj\u0105 nieobecno\u015b\u0107. Poznaj nasz\u0105 ofert\u0119!","og_url":"https:\/\/basenypoliestrowe.pl\/en\/akcesoria\/przykrycie-basenu","article_publisher":"https:\/\/www.facebook.com\/basenybaslux","article_modified_time":"2023-11-29T14:45:56+00:00","twitter_card":"summary_large_image","twitter_misc":{"Est. reading time":"5 minutes"},"schema":{"@context":"https:\/\/schema.org","@graph":[{"@type":"WebPage","@id":"https:\/\/basenypoliestrowe.pl\/akcesoria\/przykrycie-basenu","url":"https:\/\/basenypoliestrowe.pl\/akcesoria\/przykrycie-basenu","name":"Przykrycie basenu - akcesoria basenowe -","isPartOf":{"@id":"https:\/\/basenypoliestrowe.pl\/#website"},"datePublished":"2021-06-05T19:40:37+00:00","dateModified":"2023-11-29T14:45:56+00:00","description":"Przykrycie basenu pozwoli zabezpieczy\u0107 basen podczas z\u0142ej pogody. Zakrycie foli\u0105 basenu pomo\u017ce utrzyma\u0107 go w czysto\u015bci pod Twoj\u0105 nieobecno\u015b\u0107. Poznaj nasz\u0105 ofert\u0119!","breadcrumb":{"@id":"https:\/\/basenypoliestrowe.pl\/akcesoria\/przykrycie-basenu#breadcrumb"},"inLanguage":"en-US","potentialAction":[{"@type":"ReadAction","target":["https:\/\/basenypoliestrowe.pl\/akcesoria\/przykrycie-basenu"]}]},{"@type":"BreadcrumbList","@id":"https:\/\/basenypoliestrowe.pl\/akcesoria\/przykrycie-basenu#breadcrumb","itemListElement":[{"@type":"ListItem","position":1,"name":"Akcesoria","item":"https:\/\/basenypoliestrowe.pl\/akcesoria"},{"@type":"ListItem","position":2,"name":"Przykrycie basenu"}]},{"@type":"WebSite","@id":"https:\/\/basenypoliestrowe.pl\/#website","url":"https:\/\/basenypoliestrowe.pl\/","name":"","description":"","publisher":{"@id":"https:\/\/basenypoliestrowe.pl\/#organization"},"potentialAction":[{"@type":"SearchAction","target":{"@type":"EntryPoint","urlTemplate":"https:\/\/basenypoliestrowe.pl\/?s={search_term_string}"},"query-input":{"@type":"PropertyValueSpecification","valueRequired":true,"valueName":"search_term_string"}}],"inLanguage":"en-US"},{"@type":"Organization","@id":"https:\/\/basenypoliestrowe.pl\/#organization","name":"Baslux","url":"https:\/\/basenypoliestrowe.pl\/","logo":{"@type":"ImageObject","inLanguage":"en-US","@id":"https:\/\/basenypoliestrowe.pl\/#\/schema\/logo\/image\/","url":"https:\/\/baslux.pl\/wp-content\/uploads\/2021\/05\/logo_baslux.png","contentUrl":"https:\/\/baslux.pl\/wp-content\/uploads\/2021\/05\/logo_baslux.png","width":318,"height":42,"caption":"Baslux"},"image":{"@id":"https:\/\/basenypoliestrowe.pl\/#\/schema\/logo\/image\/"},"sameAs":["https:\/\/www.facebook.com\/basenybaslux","https:\/\/www.youtube.com\/channel\/UC9HZsB-mzFrRgXpc4k0g-Hg"]}]}},"_links":{"self":[{"href":"https:\/\/basenypoliestrowe.pl\/en\/wp-json\/wp\/v2\/pages\/1253","targetHints":{"allow":["GET"]}}],"collection":[{"href":"https:\/\/basenypoliestrowe.pl\/en\/wp-json\/wp\/v2\/pages"}],"about":[{"href":"https:\/\/basenypoliestrowe.pl\/en\/wp-json\/wp\/v2\/types\/page"}],"author":[{"embeddable":true,"href":"https:\/\/basenypoliestrowe.pl\/en\/wp-json\/wp\/v2\/users\/2"}],"replies":[{"embeddable":true,"href":"https:\/\/basenypoliestrowe.pl\/en\/wp-json\/wp\/v2\/comments?post=1253"}],"version-history":[{"count":2,"href":"https:\/\/basenypoliestrowe.pl\/en\/wp-json\/wp\/v2\/pages\/1253\/revisions"}],"predecessor-version":[{"id":4548,"href":"https:\/\/basenypoliestrowe.pl\/en\/wp-json\/wp\/v2\/pages\/1253\/revisions\/4548"}],"up":[{"embeddable":true,"href":"https:\/\/basenypoliestrowe.pl\/en\/wp-json\/wp\/v2\/pages\/1029"}],"wp:attachment":[{"href":"https:\/\/basenypoliestrowe.pl\/en\/wp-json\/wp\/v2\/media?parent=1253"}],"curies":[{"name":"wp","href":"https:\/\/api.w.org\/{rel}","templated":true}]}}